{"id":16,"date":"2021-12-09T20:40:54","date_gmt":"2021-12-09T19:40:54","guid":{"rendered":"http:\/\/foie-oie-perigord.fr\/?page_id=16"},"modified":"2021-12-09T22:08:30","modified_gmt":"2021-12-09T21:08:30","slug":"a-propos-de","status":"publish","type":"page","link":"http:\/\/foie-oie-perigord.fr\/index.php\/a-propos-de\/","title":{"rendered":"Notre Ferme"},"content":{"rendered":"\t\t<div data-elementor-type=\"wp-page\" data-elementor-id=\"16\" class=\"elementor elementor-16\" data-elementor-settings=\"[]\">\n\t\t\t\t\t\t\t<div class=\"elementor-section-wrap\">\n\t\t\t\t\t\t\t<section class=\"elementor-section elementor-top-section elementor-element elementor-element-15ee36a0 elementor-section-boxed elementor-section-height-default elementor-section-height-default\" data-id=\"15ee36a0\" data-element_type=\"section\">\n\t\t\t\t\t\t<div class=\"elementor-container elementor-column-gap-default\">\n\t\t\t\t\t<div class=\"elementor-column elementor-col-100 elementor-top-column elementor-element elementor-element-67e28f1a\" data-id=\"67e28f1a\" data-element_type=\"column\">\n\t\t\t<div class=\"elementor-widget-wrap elementor-element-populated\">\n\t\t\t\t\t\t\t\t<div class=\"elementor-element elementor-element-13fccad7 elementor-widget elementor-widget-text-editor\" data-id=\"13fccad7\" data-element_type=\"widget\" data-widget_type=\"text-editor.default\">\n\t\t\t\t<div class=\"elementor-widget-container\">\n\t\t\t\t\t\t\t<p><!-- wp:paragraph --><\/p>\n<p>La ferme du Mespoulet est une entreprise familiale o\u00f9 la qualit\u00e9 prime sur la quantit\u00e9. L&#8217;\u00e9levage et le gavage de l&#8217;oie ne peut se faire industriellement et nous mettons un point d&#8217;honneur \u00e0 garantir les meilleurs conditions de vie \u00e0 nos animaux. La transformation de nos produits est artisanale.<\/p>\n<p><!-- \/wp:paragraph --><\/p>\t\t\t\t\t\t<\/div>\n\t\t\t\t<\/div>\n\t\t\t\t\t<\/div>\n\t\t<\/div>\n\t\t\t\t\t\t\t<\/div>\n\t\t<\/section>\n\t\t\t\t<section class=\"elementor-section elementor-top-section elementor-element elementor-element-2c5845a elementor-section-boxed elementor-section-height-default elementor-section-height-default\" data-id=\"2c5845a\" data-element_type=\"section\">\n\t\t\t\t\t\t<div class=\"elementor-container elementor-column-gap-default\">\n\t\t\t\t\t<div class=\"elementor-column elementor-col-50 elementor-top-column elementor-element elementor-element-e3bd86c\" data-id=\"e3bd86c\" data-element_type=\"column\">\n\t\t\t<div class=\"elementor-widget-wrap elementor-element-populated\">\n\t\t\t\t\t\t\t\t<div class=\"elementor-element elementor-element-48aec9a elementor-widget elementor-widget-image\" data-id=\"48aec9a\" data-element_type=\"widget\" data-widget_type=\"image.default\">\n\t\t\t\t<div class=\"elementor-widget-container\">\n\t\t\t\t\t\t\t\t\t\t\t\t\t\t\t<img width=\"720\" height=\"480\" src=\"http:\/\/foie-oie-perigord.fr\/wp-content\/uploads\/2021\/12\/Grenaille-105.jpg\" class=\"attachment-large size-large\" alt=\"\" loading=\"lazy\" srcset=\"http:\/\/foie-oie-perigord.fr\/wp-content\/uploads\/2021\/12\/Grenaille-105.jpg 900w, http:\/\/foie-oie-perigord.fr\/wp-content\/uploads\/2021\/12\/Grenaille-105-300x200.jpg 300w, http:\/\/foie-oie-perigord.fr\/wp-content\/uploads\/2021\/12\/Grenaille-105-768x512.jpg 768w, http:\/\/foie-oie-perigord.fr\/wp-content\/uploads\/2021\/12\/Grenaille-105-80x53.jpg 80w\" sizes=\"(max-width: 720px) 100vw, 720px\" \/>\t\t\t\t\t\t\t\t\t\t\t\t\t\t\t<\/div>\n\t\t\t\t<\/div>\n\t\t\t\t\t<\/div>\n\t\t<\/div>\n\t\t\t\t<div class=\"elementor-column elementor-col-50 elementor-top-column elementor-element elementor-element-9f03961\" data-id=\"9f03961\" data-element_type=\"column\">\n\t\t\t<div class=\"elementor-widget-wrap elementor-element-populated\">\n\t\t\t\t\t\t\t\t<div class=\"elementor-element elementor-element-d91b959 elementor-widget elementor-widget-image\" data-id=\"d91b959\" data-element_type=\"widget\" data-widget_type=\"image.default\">\n\t\t\t\t<div class=\"elementor-widget-container\">\n\t\t\t\t\t\t\t\t\t\t\t\t\t\t\t<img width=\"720\" height=\"480\" src=\"http:\/\/foie-oie-perigord.fr\/wp-content\/uploads\/2021\/12\/Grenaille-106.jpg\" class=\"attachment-large size-large\" alt=\"\" loading=\"lazy\" srcset=\"http:\/\/foie-oie-perigord.fr\/wp-content\/uploads\/2021\/12\/Grenaille-106.jpg 900w, http:\/\/foie-oie-perigord.fr\/wp-content\/uploads\/2021\/12\/Grenaille-106-300x200.jpg 300w, http:\/\/foie-oie-perigord.fr\/wp-content\/uploads\/2021\/12\/Grenaille-106-768x512.jpg 768w, http:\/\/foie-oie-perigord.fr\/wp-content\/uploads\/2021\/12\/Grenaille-106-80x53.jpg 80w\" sizes=\"(max-width: 720px) 100vw, 720px\" \/>\t\t\t\t\t\t\t\t\t\t\t\t\t\t\t<\/div>\n\t\t\t\t<\/div>\n\t\t\t\t\t<\/div>\n\t\t<\/div>\n\t\t\t\t\t\t\t<\/div>\n\t\t<\/section>\n\t\t\t\t\t\t<\/div>\n\t\t\t\t\t<\/div>\n\t\t","protected":false},"excerpt":{"rendered":"<p>La ferme du Mespoulet est une entreprise familiale o\u00f9 la qualit\u00e9 prime sur la quantit\u00e9. L&#8217;\u00e9levage et le gavage de l&#8217;oie ne peut se faire industriellement et nous mettons un&hellip; <\/p>\n","protected":false},"author":1,"featured_media":0,"parent":0,"menu_order":0,"comment_status":"closed","ping_status":"closed","template":"","meta":{"om_disable_all_campaigns":false,"_monsterinsights_skip_tracking":false,"_monsterinsights_sitenote_active":false,"_monsterinsights_sitenote_note":"","_monsterinsights_sitenote_category":0},"_links":{"self":[{"href":"http:\/\/foie-oie-perigord.fr\/index.php\/wp-json\/wp\/v2\/pages\/16"}],"collection":[{"href":"http:\/\/foie-oie-perigord.fr\/index.php\/wp-json\/wp\/v2\/pages"}],"about":[{"href":"http:\/\/foie-oie-perigord.fr\/index.php\/wp-json\/wp\/v2\/types\/page"}],"author":[{"embeddable":true,"href":"http:\/\/foie-oie-perigord.fr\/index.php\/wp-json\/wp\/v2\/users\/1"}],"replies":[{"embeddable":true,"href":"http:\/\/foie-oie-perigord.fr\/index.php\/wp-json\/wp\/v2\/comments?post=16"}],"version-history":[{"count":5,"href":"http:\/\/foie-oie-perigord.fr\/index.php\/wp-json\/wp\/v2\/pages\/16\/revisions"}],"predecessor-version":[{"id":76,"href":"http:\/\/foie-oie-perigord.fr\/index.php\/wp-json\/wp\/v2\/pages\/16\/revisions\/76"}],"wp:attachment":[{"href":"http:\/\/foie-oie-perigord.fr\/index.php\/wp-json\/wp\/v2\/media?parent=16"}],"curies":[{"name":"wp","href":"https:\/\/api.w.org\/{rel}","templated":true}]}}